{"id":8023,"date":"2022-07-14T17:53:32","date_gmt":"2022-07-14T15:53:32","guid":{"rendered":"https:\/\/german-x.com\/sind-sie-bereit-mentor-zu-werden\/"},"modified":"2024-10-14T13:21:48","modified_gmt":"2024-10-14T11:21:48","slug":"sind-sie-bereit-mentor-zu-werden","status":"publish","type":"page","link":"https:\/\/german-x.com\/de\/sind-sie-bereit-mentor-zu-werden\/","title":{"rendered":"Sind Sie bereit, Mentor zu werden?"},"content":{"rendered":"<div id=\"application-form-block_6232573b9c709\" class=\"application-form md:my-24 my-16\">\n    \n    <h1 class=\"md:text-5xl text-3xl font-bold uppercase md:leading-snug leading-snug\">\n        WILLKOMMEN BEI GERMAN X!    <\/h1>\n    \n    <p class=\"mt-9 md:text-2xl text-xl\">\n        Sind Sie begeistert davon, globale \u00d6kosysteme zu erforschen und zur Skalierbarkeit von Innovationen beizutragen? Wir hei\u00dfen Sie herzlich in unserem Team willkommen und freuen uns darauf, dass Sie Teil unseres Mentorennetzwerks werden. Da wir einige Informationen f\u00fcr unsere Mentoren-Pr\u00e4sentation auf unserer Website ben\u00f6tigen, bitten wir Sie, den folgenden Fragebogen auszuf\u00fcllen. \n\n      <\/p>\n    \n    <div class=\"mt-11 grid md:grid-cols-2 gap-8 md:text-xl text-lg\">\n    \n        <p>\n            Lorem ipsum dolor sit amet, consetetur sadipscing elitr, sed diam nonumy eirmod tempor invidunt ut labore et dolore magna aliquyam erat, sed diam voluptua. At vero eos et accusam et justo duo dolores et ea rebum. Stet clita kasd gubergren, no sea takimata sanctus est Lorem ipsum dolor sit amet. Lorem ipsum dolor sit amet, consetetur sadipscing elitr.           <\/p>\n        \n        <p>\n            At vero eos et accusam et justo duo dolores et ea rebum. Stet clita kasd gubergren, no sea takimata sanctus est Lorem ipsum dolor sit amet. Lorem ipsum dolor sit amet, consetetur sadipscing elitr, sed diam nonumy eirmod tempor invidunt ut labore et dolore magna aliquyam erat, sed diam voluptua.          <\/p>\n    \n    <\/div>\n    \n    <div class=\"md:mt-20 mt-12 grid md:grid-cols-2 grid-cols-1 gap-8\">\n    \n        \t\n    <\/div>   \n        \n<\/div>","protected":false},"excerpt":{"rendered":"","protected":false},"author":3,"featured_media":0,"parent":0,"menu_order":0,"comment_status":"closed","ping_status":"closed","template":"page-germanx.php","meta":{"_acf_changed":false,"footnotes":""},"class_list":["post-8023","page","type-page","status-publish","hentry"],"acf":[],"yoast_head":"<!-- This site is optimized with the Yoast SEO plugin v27.5 - https:\/\/yoast.com\/product\/yoast-seo-wordpress\/ -->\n<title>Sind Sie bereit, Mentor zu werden? | GERMAN X<\/title>\n<meta name=\"robots\" content=\"index, follow, max-snippet:-1, max-image-preview:large, max-video-preview:-1\" \/>\n<link rel=\"canonical\" href=\"https:\/\/german-x.com\/de\/sind-sie-bereit-mentor-zu-werden\/\" \/>\n<meta property=\"og:locale\" content=\"de_DE\" \/>\n<meta property=\"og:type\" content=\"article\" \/>\n<meta property=\"og:title\" content=\"Sind Sie bereit, Mentor zu werden? | GERMAN X\" \/>\n<meta property=\"og:url\" content=\"https:\/\/german-x.com\/de\/sind-sie-bereit-mentor-zu-werden\/\" \/>\n<meta property=\"og:site_name\" content=\"GERMAN X\" \/>\n<meta property=\"article:modified_time\" content=\"2024-10-14T11:21:48+00:00\" \/>\n<meta name=\"twitter:card\" content=\"summary_large_image\" \/>\n<script type=\"application\/ld+json\" class=\"yoast-schema-graph\">{\"@context\":\"https:\\\/\\\/schema.org\",\"@graph\":[{\"@type\":\"WebPage\",\"@id\":\"https:\\\/\\\/german-x.com\\\/de\\\/sind-sie-bereit-mentor-zu-werden\\\/\",\"url\":\"https:\\\/\\\/german-x.com\\\/de\\\/sind-sie-bereit-mentor-zu-werden\\\/\",\"name\":\"Sind Sie bereit, Mentor zu werden? | GERMAN X\",\"isPartOf\":{\"@id\":\"\\\/#website\"},\"datePublished\":\"2022-07-14T15:53:32+00:00\",\"dateModified\":\"2024-10-14T11:21:48+00:00\",\"breadcrumb\":{\"@id\":\"https:\\\/\\\/german-x.com\\\/de\\\/sind-sie-bereit-mentor-zu-werden\\\/#breadcrumb\"},\"inLanguage\":\"de\",\"potentialAction\":[{\"@type\":\"ReadAction\",\"target\":[\"https:\\\/\\\/german-x.com\\\/de\\\/sind-sie-bereit-mentor-zu-werden\\\/\"]}]},{\"@type\":\"BreadcrumbList\",\"@id\":\"https:\\\/\\\/german-x.com\\\/de\\\/sind-sie-bereit-mentor-zu-werden\\\/#breadcrumb\",\"itemListElement\":[{\"@type\":\"ListItem\",\"position\":1,\"name\":\"GERMAN X\",\"item\":\"https:\\\/\\\/www.german-x.com\\\/de\\\/\"},{\"@type\":\"ListItem\",\"position\":2,\"name\":\"Sind Sie bereit, Mentor zu werden?\"}]},{\"@type\":\"WebSite\",\"@id\":\"\\\/#website\",\"url\":\"\\\/\",\"name\":\"GERMAN X\",\"description\":\"Entdecke etablierte \u00d6kosysteme und bereite gemeinsam mit GERMAN X den Markteintritt in ein Ausland vor.\",\"publisher\":{\"@id\":\"\\\/#organization\"},\"alternateName\":\"GERMAN X\",\"potentialAction\":[{\"@type\":\"SearchAction\",\"target\":{\"@type\":\"EntryPoint\",\"urlTemplate\":\"\\\/?s={search_term_string}\"},\"query-input\":{\"@type\":\"PropertyValueSpecification\",\"valueRequired\":true,\"valueName\":\"search_term_string\"}}],\"inLanguage\":\"de\"},{\"@type\":\"Organization\",\"@id\":\"\\\/#organization\",\"name\":\"GERMAN X\",\"url\":\"\\\/\",\"logo\":{\"@type\":\"ImageObject\",\"inLanguage\":\"de\",\"@id\":\"\\\/#\\\/schema\\\/logo\\\/image\\\/\",\"url\":\"https:\\\/\\\/www.germanx.com\\\/wp-content\\\/uploads\\\/2022\\\/11\\\/logo-germanx.png\",\"contentUrl\":\"https:\\\/\\\/www.germanx.com\\\/wp-content\\\/uploads\\\/2022\\\/11\\\/logo-germanx.png\",\"width\":408,\"height\":88,\"caption\":\"GERMAN X\"},\"image\":{\"@id\":\"\\\/#\\\/schema\\\/logo\\\/image\\\/\"},\"sameAs\":[\"https:\\\/\\\/www.linkedin.com\\\/company\\\/germanx\\\/\"]}]}<\/script>\n<!-- \/ Yoast SEO plugin. -->","yoast_head_json":{"title":"Sind Sie bereit, Mentor zu werden? | GERMAN X","robots":{"index":"index","follow":"follow","max-snippet":"max-snippet:-1","max-image-preview":"max-image-preview:large","max-video-preview":"max-video-preview:-1"},"canonical":"https:\/\/german-x.com\/de\/sind-sie-bereit-mentor-zu-werden\/","og_locale":"de_DE","og_type":"article","og_title":"Sind Sie bereit, Mentor zu werden? | GERMAN X","og_url":"https:\/\/german-x.com\/de\/sind-sie-bereit-mentor-zu-werden\/","og_site_name":"GERMAN X","article_modified_time":"2024-10-14T11:21:48+00:00","twitter_card":"summary_large_image","schema":{"@context":"https:\/\/schema.org","@graph":[{"@type":"WebPage","@id":"https:\/\/german-x.com\/de\/sind-sie-bereit-mentor-zu-werden\/","url":"https:\/\/german-x.com\/de\/sind-sie-bereit-mentor-zu-werden\/","name":"Sind Sie bereit, Mentor zu werden? | GERMAN X","isPartOf":{"@id":"\/#website"},"datePublished":"2022-07-14T15:53:32+00:00","dateModified":"2024-10-14T11:21:48+00:00","breadcrumb":{"@id":"https:\/\/german-x.com\/de\/sind-sie-bereit-mentor-zu-werden\/#breadcrumb"},"inLanguage":"de","potentialAction":[{"@type":"ReadAction","target":["https:\/\/german-x.com\/de\/sind-sie-bereit-mentor-zu-werden\/"]}]},{"@type":"BreadcrumbList","@id":"https:\/\/german-x.com\/de\/sind-sie-bereit-mentor-zu-werden\/#breadcrumb","itemListElement":[{"@type":"ListItem","position":1,"name":"GERMAN X","item":"https:\/\/www.german-x.com\/de\/"},{"@type":"ListItem","position":2,"name":"Sind Sie bereit, Mentor zu werden?"}]},{"@type":"WebSite","@id":"\/#website","url":"\/","name":"GERMAN X","description":"Entdecke etablierte \u00d6kosysteme und bereite gemeinsam mit GERMAN X den Markteintritt in ein Ausland vor.","publisher":{"@id":"\/#organization"},"alternateName":"GERMAN X","potentialAction":[{"@type":"SearchAction","target":{"@type":"EntryPoint","urlTemplate":"\/?s={search_term_string}"},"query-input":{"@type":"PropertyValueSpecification","valueRequired":true,"valueName":"search_term_string"}}],"inLanguage":"de"},{"@type":"Organization","@id":"\/#organization","name":"GERMAN X","url":"\/","logo":{"@type":"ImageObject","inLanguage":"de","@id":"\/#\/schema\/logo\/image\/","url":"https:\/\/www.germanx.com\/wp-content\/uploads\/2022\/11\/logo-germanx.png","contentUrl":"https:\/\/www.germanx.com\/wp-content\/uploads\/2022\/11\/logo-germanx.png","width":408,"height":88,"caption":"GERMAN X"},"image":{"@id":"\/#\/schema\/logo\/image\/"},"sameAs":["https:\/\/www.linkedin.com\/company\/germanx\/"]}]}},"_links":{"self":[{"href":"https:\/\/german-x.com\/de\/wp-json\/wp\/v2\/pages\/8023","targetHints":{"allow":["GET"]}}],"collection":[{"href":"https:\/\/german-x.com\/de\/wp-json\/wp\/v2\/pages"}],"about":[{"href":"https:\/\/german-x.com\/de\/wp-json\/wp\/v2\/types\/page"}],"author":[{"embeddable":true,"href":"https:\/\/german-x.com\/de\/wp-json\/wp\/v2\/users\/3"}],"replies":[{"embeddable":true,"href":"https:\/\/german-x.com\/de\/wp-json\/wp\/v2\/comments?post=8023"}],"version-history":[{"count":1,"href":"https:\/\/german-x.com\/de\/wp-json\/wp\/v2\/pages\/8023\/revisions"}],"predecessor-version":[{"id":8024,"href":"https:\/\/german-x.com\/de\/wp-json\/wp\/v2\/pages\/8023\/revisions\/8024"}],"wp:attachment":[{"href":"https:\/\/german-x.com\/de\/wp-json\/wp\/v2\/media?parent=8023"}],"curies":[{"name":"wp","href":"https:\/\/api.w.org\/{rel}","templated":true}]}}