{"id":7979,"date":"2022-01-09T17:48:06","date_gmt":"2022-01-09T16:48:06","guid":{"rendered":"https:\/\/german-x.com\/haftungsausschluss\/"},"modified":"2024-10-14T12:19:13","modified_gmt":"2024-10-14T10:19:13","slug":"haftungsausschluss","status":"publish","type":"page","link":"https:\/\/german-x.com\/de\/haftungsausschluss\/","title":{"rendered":"Haftungsausschluss"},"content":{"rendered":"\n<h1 class=\"wp-block-heading\">Haftungsausschluss<\/h1>\n\n<p><strong>Haftung f\u00fcr Inhalte<\/strong><br\/>Als Diensteanbieter sind wir gem\u00e4\u00df \u00a7 7 Abs.1 TMG f\u00fcr eigene Inhalte auf diesen Seiten nach den allgemeinen Gesetzen verantwortlich. Nach \u00a7\u00a7 8 bis 10 TMG sind wir als Diensteanbieter jedoch nicht verpflichtet, \u00fcbermittelte oder gespeicherte fremde Informationen zu \u00fcberwachen oder nach Umst\u00e4nden zu forschen, die auf eine rechtswidrige T\u00e4tigkeit hinweisen.<br\/>Rechtliche Verpflichtungen zur Entfernung oder Sperrung der Nutzung von Informationen bleiben hiervon unber\u00fchrt. Eine diesbez\u00fcgliche Haftung ist jedoch erst ab dem Zeitpunkt der Kenntnis einer konkreten Rechtsverletzung m\u00f6glich. Bei Bekanntwerden von Rechtsverletzungen werden wir diese Inhalte umgehend entfernen.    <\/p>\n\n<p><strong>Haftung f\u00fcr Links<\/strong><br\/>Unser Angebot enth\u00e4lt Links zu externen Webseiten Dritter. Auf die Inhalte dieser Webseiten haben wir keinen Einfluss, daher k\u00f6nnen wir f\u00fcr diese Inhalte auch keine Gew\u00e4hr \u00fcbernehmen. F\u00fcr die Inhalte der verlinkten Seiten ist stets der jeweilige Anbieter oder Betreiber der Seiten verantwortlich.<br\/>Die verlinkten Seiten wurden zum Zeitpunkt der Verlinkung auf m\u00f6gliche Rechtsverst\u00f6\u00dfe \u00fcberpr\u00fcft. Rechtswidrige Inhalte waren zum Zeitpunkt der Verlinkung nicht erkennbar. Eine permanente inhaltliche Kontrolle der verlinkten Seiten ist jedoch ohne konkrete Anhaltspunkte einer Rechtsverletzung nicht zumutbar. Bei Bekanntwerden von Rechtsverletzungen werden wir derartige Links umgehend entfernen.     <\/p>\n\n<p><strong>Copyright<\/strong><br\/>Die durch die Seitenbetreiber erstellten Inhalte und Werke auf diesen Seiten unterliegen dem deutschen Urheberrecht. Die Vervielf\u00e4ltigung, Bearbeitung, Verbreitung und jede Art der Verwertung au\u00dferhalb der Grenzen des Urheberrechtes bed\u00fcrfen der schriftlichen Zustimmung des jeweiligen Autors bzw. Erstellers. Downloads und Kopien dieser Seite sind nur f\u00fcr den privaten Gebrauch gestattet.<br\/>Die kommerzielle Nutzung unserer Inhalte ohne Zustimmung des Urhebers ist untersagt.<br\/>Urheberrechte Dritter werden beachtet, soweit die Inhalte auf diesen Seiten nicht vom Anbieter selbst stammen. Beitr\u00e4ge Dritter sind auf dieser Seite als solche gekennzeichnet. Sollten Sie dennoch Verst\u00f6\u00dfe gegen das Urheberrecht feststellen, informieren Sie uns bitte. Solche Inhalte werden dann umgehend entfernt.     <\/p>\n","protected":false},"excerpt":{"rendered":"<p>Haftungsausschluss Haftung f\u00fcr InhalteAls Diensteanbieter sind wir gem\u00e4\u00df \u00a7 7 Abs.1 TMG f\u00fcr eigene Inhalte auf diesen Seiten nach den allgemeinen Gesetzen verantwortlich. Nach \u00a7\u00a7 8 bis 10 TMG sind wir als Diensteanbieter jedoch nicht verpflichtet, \u00fcbermittelte oder gespeicherte fremde Informationen zu \u00fcberwachen oder nach Umst\u00e4nden zu forschen, die auf eine rechtswidrige T\u00e4tigkeit hinweisen.Rechtliche Verpflichtungen&#8230;  <a class=\"excerpt-read-more\" href=\"https:\/\/german-x.com\/de\/haftungsausschluss\/\" title=\"Read Haftungsausschluss\">Read more &raquo;<\/a><\/p>\n","protected":false},"author":1,"featured_media":0,"parent":0,"menu_order":0,"comment_status":"closed","ping_status":"closed","template":"page-custom.php","meta":{"_acf_changed":false,"footnotes":""},"class_list":["post-7979","page","type-page","status-publish","hentry"],"acf":[],"yoast_head":"<!-- This site is optimized with the Yoast SEO plugin v27.4 - https:\/\/yoast.com\/product\/yoast-seo-wordpress\/ -->\n<title>Haftungsausschluss | GERMAN X<\/title>\n<meta name=\"robots\" content=\"index, follow, max-snippet:-1, max-image-preview:large, max-video-preview:-1\" \/>\n<link rel=\"canonical\" href=\"https:\/\/german-x.com\/de\/haftungsausschluss\/\" \/>\n<meta property=\"og:locale\" content=\"de_DE\" \/>\n<meta property=\"og:type\" content=\"article\" \/>\n<meta property=\"og:title\" content=\"Haftungsausschluss | GERMAN X\" \/>\n<meta property=\"og:description\" content=\"Haftungsausschluss Haftung f\u00fcr InhalteAls Diensteanbieter sind wir gem\u00e4\u00df \u00a7 7 Abs.1 TMG f\u00fcr eigene Inhalte auf diesen Seiten nach den allgemeinen Gesetzen verantwortlich. Nach \u00a7\u00a7 8 bis 10 TMG sind wir als Diensteanbieter jedoch nicht verpflichtet, \u00fcbermittelte oder gespeicherte fremde Informationen zu \u00fcberwachen oder nach Umst\u00e4nden zu forschen, die auf eine rechtswidrige T\u00e4tigkeit hinweisen.Rechtliche Verpflichtungen... Read more &raquo;\" \/>\n<meta property=\"og:url\" content=\"https:\/\/german-x.com\/de\/haftungsausschluss\/\" \/>\n<meta property=\"og:site_name\" content=\"GERMAN X\" \/>\n<meta property=\"article:modified_time\" content=\"2024-10-14T10:19:13+00:00\" \/>\n<meta name=\"twitter:card\" content=\"summary_large_image\" \/>\n<meta name=\"twitter:label1\" content=\"Gesch\u00e4tzte Lesezeit\" \/>\n\t<meta name=\"twitter:data1\" content=\"2\u00a0Minuten\" \/>\n<script type=\"application\/ld+json\" class=\"yoast-schema-graph\">{\"@context\":\"https:\\\/\\\/schema.org\",\"@graph\":[{\"@type\":\"WebPage\",\"@id\":\"https:\\\/\\\/german-x.com\\\/de\\\/haftungsausschluss\\\/\",\"url\":\"https:\\\/\\\/german-x.com\\\/de\\\/haftungsausschluss\\\/\",\"name\":\"Haftungsausschluss | GERMAN X\",\"isPartOf\":{\"@id\":\"\\\/#website\"},\"datePublished\":\"2022-01-09T16:48:06+00:00\",\"dateModified\":\"2024-10-14T10:19:13+00:00\",\"breadcrumb\":{\"@id\":\"https:\\\/\\\/german-x.com\\\/de\\\/haftungsausschluss\\\/#breadcrumb\"},\"inLanguage\":\"de\",\"potentialAction\":[{\"@type\":\"ReadAction\",\"target\":[\"https:\\\/\\\/german-x.com\\\/de\\\/haftungsausschluss\\\/\"]}]},{\"@type\":\"BreadcrumbList\",\"@id\":\"https:\\\/\\\/german-x.com\\\/de\\\/haftungsausschluss\\\/#breadcrumb\",\"itemListElement\":[{\"@type\":\"ListItem\",\"position\":1,\"name\":\"GERMAN X\",\"item\":\"https:\\\/\\\/mail.german-x.com\\\/de\\\/\"},{\"@type\":\"ListItem\",\"position\":2,\"name\":\"Haftungsausschluss\"}]},{\"@type\":\"WebSite\",\"@id\":\"\\\/#website\",\"url\":\"\\\/\",\"name\":\"GERMAN X\",\"description\":\"Entdecke etablierte \u00d6kosysteme und bereite gemeinsam mit GERMAN X den Markteintritt in ein Ausland vor.\",\"publisher\":{\"@id\":\"\\\/#organization\"},\"alternateName\":\"GERMAN X\",\"potentialAction\":[{\"@type\":\"SearchAction\",\"target\":{\"@type\":\"EntryPoint\",\"urlTemplate\":\"\\\/?s={search_term_string}\"},\"query-input\":{\"@type\":\"PropertyValueSpecification\",\"valueRequired\":true,\"valueName\":\"search_term_string\"}}],\"inLanguage\":\"de\"},{\"@type\":\"Organization\",\"@id\":\"\\\/#organization\",\"name\":\"GERMAN X\",\"url\":\"\\\/\",\"logo\":{\"@type\":\"ImageObject\",\"inLanguage\":\"de\",\"@id\":\"\\\/#\\\/schema\\\/logo\\\/image\\\/\",\"url\":\"https:\\\/\\\/www.germanx.com\\\/wp-content\\\/uploads\\\/2022\\\/11\\\/logo-germanx.png\",\"contentUrl\":\"https:\\\/\\\/www.germanx.com\\\/wp-content\\\/uploads\\\/2022\\\/11\\\/logo-germanx.png\",\"width\":408,\"height\":88,\"caption\":\"GERMAN X\"},\"image\":{\"@id\":\"\\\/#\\\/schema\\\/logo\\\/image\\\/\"},\"sameAs\":[\"https:\\\/\\\/www.linkedin.com\\\/company\\\/germanx\\\/\"]}]}<\/script>\n<!-- \/ Yoast SEO plugin. -->","yoast_head_json":{"title":"Haftungsausschluss | GERMAN X","robots":{"index":"index","follow":"follow","max-snippet":"max-snippet:-1","max-image-preview":"max-image-preview:large","max-video-preview":"max-video-preview:-1"},"canonical":"https:\/\/german-x.com\/de\/haftungsausschluss\/","og_locale":"de_DE","og_type":"article","og_title":"Haftungsausschluss | GERMAN X","og_description":"Haftungsausschluss Haftung f\u00fcr InhalteAls Diensteanbieter sind wir gem\u00e4\u00df \u00a7 7 Abs.1 TMG f\u00fcr eigene Inhalte auf diesen Seiten nach den allgemeinen Gesetzen verantwortlich. Nach \u00a7\u00a7 8 bis 10 TMG sind wir als Diensteanbieter jedoch nicht verpflichtet, \u00fcbermittelte oder gespeicherte fremde Informationen zu \u00fcberwachen oder nach Umst\u00e4nden zu forschen, die auf eine rechtswidrige T\u00e4tigkeit hinweisen.Rechtliche Verpflichtungen... Read more &raquo;","og_url":"https:\/\/german-x.com\/de\/haftungsausschluss\/","og_site_name":"GERMAN X","article_modified_time":"2024-10-14T10:19:13+00:00","twitter_card":"summary_large_image","twitter_misc":{"Gesch\u00e4tzte Lesezeit":"2\u00a0Minuten"},"schema":{"@context":"https:\/\/schema.org","@graph":[{"@type":"WebPage","@id":"https:\/\/german-x.com\/de\/haftungsausschluss\/","url":"https:\/\/german-x.com\/de\/haftungsausschluss\/","name":"Haftungsausschluss | GERMAN X","isPartOf":{"@id":"\/#website"},"datePublished":"2022-01-09T16:48:06+00:00","dateModified":"2024-10-14T10:19:13+00:00","breadcrumb":{"@id":"https:\/\/german-x.com\/de\/haftungsausschluss\/#breadcrumb"},"inLanguage":"de","potentialAction":[{"@type":"ReadAction","target":["https:\/\/german-x.com\/de\/haftungsausschluss\/"]}]},{"@type":"BreadcrumbList","@id":"https:\/\/german-x.com\/de\/haftungsausschluss\/#breadcrumb","itemListElement":[{"@type":"ListItem","position":1,"name":"GERMAN X","item":"https:\/\/mail.german-x.com\/de\/"},{"@type":"ListItem","position":2,"name":"Haftungsausschluss"}]},{"@type":"WebSite","@id":"\/#website","url":"\/","name":"GERMAN X","description":"Entdecke etablierte \u00d6kosysteme und bereite gemeinsam mit GERMAN X den Markteintritt in ein Ausland vor.","publisher":{"@id":"\/#organization"},"alternateName":"GERMAN X","potentialAction":[{"@type":"SearchAction","target":{"@type":"EntryPoint","urlTemplate":"\/?s={search_term_string}"},"query-input":{"@type":"PropertyValueSpecification","valueRequired":true,"valueName":"search_term_string"}}],"inLanguage":"de"},{"@type":"Organization","@id":"\/#organization","name":"GERMAN X","url":"\/","logo":{"@type":"ImageObject","inLanguage":"de","@id":"\/#\/schema\/logo\/image\/","url":"https:\/\/www.germanx.com\/wp-content\/uploads\/2022\/11\/logo-germanx.png","contentUrl":"https:\/\/www.germanx.com\/wp-content\/uploads\/2022\/11\/logo-germanx.png","width":408,"height":88,"caption":"GERMAN X"},"image":{"@id":"\/#\/schema\/logo\/image\/"},"sameAs":["https:\/\/www.linkedin.com\/company\/germanx\/"]}]}},"_links":{"self":[{"href":"https:\/\/german-x.com\/de\/wp-json\/wp\/v2\/pages\/7979","targetHints":{"allow":["GET"]}}],"collection":[{"href":"https:\/\/german-x.com\/de\/wp-json\/wp\/v2\/pages"}],"about":[{"href":"https:\/\/german-x.com\/de\/wp-json\/wp\/v2\/types\/page"}],"author":[{"embeddable":true,"href":"https:\/\/german-x.com\/de\/wp-json\/wp\/v2\/users\/1"}],"replies":[{"embeddable":true,"href":"https:\/\/german-x.com\/de\/wp-json\/wp\/v2\/comments?post=7979"}],"version-history":[{"count":1,"href":"https:\/\/german-x.com\/de\/wp-json\/wp\/v2\/pages\/7979\/revisions"}],"predecessor-version":[{"id":7980,"href":"https:\/\/german-x.com\/de\/wp-json\/wp\/v2\/pages\/7979\/revisions\/7980"}],"wp:attachment":[{"href":"https:\/\/german-x.com\/de\/wp-json\/wp\/v2\/media?parent=7979"}],"curies":[{"name":"wp","href":"https:\/\/api.w.org\/{rel}","templated":true}]}}